{"id":888,"date":"2022-05-25T15:10:06","date_gmt":"2022-05-25T12:10:06","guid":{"rendered":"https:\/\/ustun-el.com\/fr\/?page_id=888"},"modified":"2022-08-24T14:35:50","modified_gmt":"2022-08-24T11:35:50","slug":"demande-service","status":"publish","type":"page","link":"https:\/\/ustun-el.com\/fr\/demande-service\/","title":{"rendered":"Demande d&#8217;un Service"},"content":{"rendered":"<p><span style=\"\"><div id='av_section_1'  class='avia-section main_color avia-section-large avia-no-border-styling  avia-bg-style-scroll  avia-builder-el-0  el_before_av_section  avia-builder-el-first  ana-hak-sec genis  0 container_wrap sidebar_right' style=' '  ><div class='container' ><main  role=\"main\" itemprop=\"mainContentOfPage\"  class='template-page content  av-content-small alpha units'><div class='post-entry post-entry-type-page post-entry-888'><div class='entry-content-wrapper clearfix'><\/span><\/p>\n<div class='flex_column_table av-equal-height-column-flextable -flextable' ><div class=\"flex_column av_one_fourth  av-animated-generic left-to-right  no_margin flex_column_table_cell av-equal-height-column av-align-middle first  avia-builder-el-1  el_before_av_three_fourth  avia-builder-el-first  golge-box \" style='padding:40px 30px 30px 40px ; border-radius:0px; '><div  class='avia-image-container  av-styling-   0  avia-builder-el-2  avia-builder-el-no-sibling  avia-align-center '  itemprop=\"image\" itemscope=\"itemscope\" itemtype=\"https:\/\/schema.org\/ImageObject\"  ><div class='avia-image-container-inner'><div class='avia-image-overlay-wrap'><img decoding=\"async\" class='wp-image-906 avia-img-lazy-loading-not-906 avia_image' src=\"https:\/\/ustun-el.com\/fr\/wp-content\/uploads\/2022\/05\/fst_1.jpg\" alt='' title='fst_1' height=\"560\" width=\"560\"  itemprop=\"thumbnailUrl\" srcset=\"https:\/\/ustun-el.com\/fr\/wp-content\/uploads\/2022\/05\/fst_1.jpg 560w, https:\/\/ustun-el.com\/fr\/wp-content\/uploads\/2022\/05\/fst_1-300x300.jpg 300w, https:\/\/ustun-el.com\/fr\/wp-content\/uploads\/2022\/05\/fst_1-80x80.jpg 80w, https:\/\/ustun-el.com\/fr\/wp-content\/uploads\/2022\/05\/fst_1-36x36.jpg 36w, https:\/\/ustun-el.com\/fr\/wp-content\/uploads\/2022\/05\/fst_1-180x180.jpg 180w\" sizes=\"(max-width: 560px) 100vw, 560px\" \/><\/div><\/div><\/div><\/div> <div class=\"flex_column av_three_fourth  av-animated-generic right-to-left  no_margin flex_column_table_cell av-equal-height-column av-align-middle   avia-builder-el-3  el_after_av_one_fourth  avia-builder-el-last  golge-bo \" style='padding:40px 30px 40px 50px ; border-radius:0px; '><p><br \/>\n<form action=\"https:\/\/ustun-el.com\/fr\/demande-service\/\" method=\"post\"  class=\"avia_ajax_form av-form-labels-hidden   avia-builder-el-5  el_after_av_heading  avia-builder-el-last    0\" data-avia-form-id=\"1\" data-avia-redirect='' ><fieldset><p class='  first_form  form_element form_element_half' id='element_avia_1_1'><label for=\"avia_1_1\">Nom-Pr\u00e9nom <abbr class=\"required\" title=\"Zorunlu\">*<\/abbr><\/label> <input name=\"avia_1_1\" class=\"text_input is_empty\" type=\"text\" id=\"avia_1_1\" value=\"\"  placeholder='Nom-Pr\u00e9nom*'\/><\/p><p class='  form_element form_element_half' id='element_avia_2_1'><label for=\"avia_2_1\">E-mail<\/label> <input name=\"avia_2_1\" class=\"text_input \" type=\"text\" id=\"avia_2_1\" value=\"\"  placeholder='E-mail'\/><\/p><p class='  first_form  form_element form_element_half' id='element_avia_3_1'><label for=\"avia_3_1\">T\u00e9l\u00e9phone <abbr class=\"required\" title=\"Zorunlu\">*<\/abbr><\/label> <input name=\"avia_3_1\" class=\"text_input is_empty\" type=\"text\" id=\"avia_3_1\" value=\"\"  placeholder='T\u00e9l\u00e9phone*'\/><\/p><p class='  form_element form_element_half' id='element_avia_4_1'><label for=\"avia_4_1\">Sujet <abbr class=\"required\" title=\"Zorunlu\">*<\/abbr><\/label> <input name=\"avia_4_1\" class=\"text_input is_empty\" type=\"text\" id=\"avia_4_1\" value=\"\"  placeholder='Sujet*'\/><\/p><p class='  first_form  form_element form_fullwidth' id='element_avia_5_1'><label for=\"avia_5_1\" class=\"textare_label hidden textare_label_avia_5_1\">Message <abbr class=\"required\" title=\"Zorunlu\">*<\/abbr><\/label><textarea  placeholder='Message*' name=\"avia_5_1\" class=\"text_area is_empty\" cols=\"40\" rows=\"7\" id=\"avia_5_1\" ><\/textarea><\/p><p class=\"hidden\"><input type=\"text\" name=\"avia_6_1\" class=\"hidden \" id=\"avia_6_1\" value=\"\" \/><\/p><p class='   form_element form_fullwidth' id='element_avia_7_1'><span class='value_verifier_label'>3 + 1 = ?<\/span><input name=\"avia_7_1_verifier\" type=\"hidden\" id=\"avia_7_1_verifier\" value=\"615184446\"\/><label for=\"avia_7_1\">L\u00fctfen denklemi \u00e7\u00f6zerek insan oldu\u011funuzu kan\u0131tlay\u0131n\u0131z <abbr class=\"required\" title=\"Zorunlu\">*<\/abbr><\/label><input name=\"avia_7_1\" class=\"text_input captcha\" type=\"text\" id=\"avia_7_1\" value=\"\"\/><\/p><p class=\"form_element \"><input type=\"hidden\" value=\"1\" name=\"avia_generated_form1\" \/><input type=\"submit\" value=\"Envoyer\" class=\"button\"  data-sending-label=\"G\u00f6nderiliyor\"\/><\/p><\/fieldset><\/form><div id=\"ajaxresponse_1\" class=\"ajaxresponse ajaxresponse_1 hidden\"><\/div><\/p><\/div><\/div><!--close column table wrapper. Autoclose: 1 -->  <\/div><\/div><\/main><!-- close content main element --><\/div><\/div><div id='av_section_2'  class='avia-section main_color avia-section-default avia-no-border-styling  avia-bg-style-scroll  avia-builder-el-6  el_after_av_section  avia-builder-el-last   0 container_wrap sidebar_right' style='background-color: background_gradient_color1;  '  ><div class='container' ><div class='template-page content  av-content-small alpha units'><div class='post-entry post-entry-type-page post-entry-888'><div class='entry-content-wrapper clearfix'>\n<div class=\"flex_column av_one_full  av-animated-generic top-to-bottom  no_margin flex_column_div av-zero-column-padding first  avia-builder-el-7  el_before_av_one_third  avia-builder-el-first  \" style='border-radius:0px; '><div  style='padding-bottom:10px; color:#d1d1d1;font-size:70px;' class='av-special-heading av-special-heading-h2 custom-color-heading blockquote modern-quote modern-centered  avia-builder-el-8  avia-builder-el-no-sibling  av-inherit-size '><h2 class='av-special-heading-tag '  itemprop=\"headline\"  >MARQUES<\/h2><div class='special-heading-border'><div class='special-heading-inner-border' style='border-color:#d1d1d1'><\/div><\/div><\/div><\/div><div class=\"flex_column av_one_third  av-animated-generic bottom-to-top  no_margin flex_column_div avia-link-column av-column-link first  avia-builder-el-9  el_after_av_one_full  el_before_av_one_third  intro-uclu-box column-top-margin\" style='background:url(https:\/\/ustun-el.com\/fr\/wp-content\/uploads\/2022\/05\/a53.png) bottom right no-repeat  #f9f9f9; padding:50px; background-color:#f9f9f9; border-radius:0px; ' data-link-column-url=\"https:\/\/ustun-el.com\/fr\/urun\/crab-mini-balayeuse\/\" ><a class=\"av-screen-reader-only\" href=https:\/\/ustun-el.com\/fr\/urun\/crab-mini-balayeuse\/ >Link to: CRAB MINI BALAYEUSE<\/a><div  style='padding-bottom:10px; font-size:20px;' class='av-special-heading av-special-heading-h2  blockquote modern-quote  avia-builder-el-10  avia-builder-el-no-sibling  av-inherit-size '><h2 class='av-special-heading-tag '  itemprop=\"headline\"  >CRAB Mini Balayeuse<br \/>\nAspirateur de Voirie<\/h2><div class ='av-subheading av-subheading_below  ' style='font-size:15px;'><p>Offre \u00e0 la fois des options de conduite et de marche \u00e0 pieds.<\/p>\n<\/div><div class='special-heading-border'><div class='special-heading-inner-border' ><\/div><\/div><\/div><\/div><div class=\"flex_column av_one_third  av-animated-generic bottom-to-top  no_margin flex_column_div avia-link-column av-column-link   avia-builder-el-11  el_after_av_one_third  el_before_av_one_third  intro-uclu-box column-top-margin\" style='background:url(https:\/\/ustun-el.com\/fr\/wp-content\/uploads\/2021\/07\/marathon-bg.png) bottom right no-repeat  #f9f9f9; padding:50px; background-color:#f9f9f9; border-radius:0px; ' data-link-column-url=\"https:\/\/ustun-el.com\/fr\/urun\/marathon-balayeuse-remorquee-par-tracteur\/\" ><a class=\"av-screen-reader-only\" href=https:\/\/ustun-el.com\/fr\/urun\/marathon-balayeuse-remorquee-par-tracteur\/ >Link to: MARATHON BALAYEUSE REMORQU\u00c9E PAR TRACTEUR<\/a><div  style='padding-bottom:10px; font-size:20px;' class='av-special-heading av-special-heading-h2  blockquote modern-quote  avia-builder-el-12  avia-builder-el-no-sibling  av-inherit-size '><h2 class='av-special-heading-tag '  itemprop=\"headline\"  >MARATHON<br \/>\nBalayeuse Remorqu\u00e9e Par Tracteur<\/h2><div class ='av-subheading av-subheading_below  ' style='font-size:15px;'><p>Il s&#8217;agit d&#8217;une balayeuse remorqu\u00e9e par tracteur. Ce produit est connue pour sa qualit\u00e9 immuable.<\/p>\n<\/div><div class='special-heading-border'><div class='special-heading-inner-border' ><\/div><\/div><\/div><\/div><div class=\"flex_column av_one_third  av-animated-generic bottom-to-top  no_margin flex_column_div avia-link-column av-column-link   avia-builder-el-13  el_after_av_one_third  el_before_av_one_third  intro-uclu-box column-top-margin\" style='background:url(https:\/\/ustun-el.com\/fr\/wp-content\/uploads\/2021\/06\/yaprak-roplama-makinesi.png) bottom right no-repeat  #f9f9f9; padding:50px; background-color:#f9f9f9; border-radius:0px; ' data-link-column-url=\"https:\/\/ustun-el.com\/fr\/urun\/big-fil-collecteur-de-feuilles\/\" ><a class=\"av-screen-reader-only\" href=https:\/\/ustun-el.com\/fr\/urun\/big-fil-collecteur-de-feuilles\/ >Link to: BIG FIL COLLECTEUR DE FEUILLE HYDROSTATIQUE<\/a><div  style='padding-bottom:10px; font-size:20px;' class='av-special-heading av-special-heading-h2  blockquote modern-quote  avia-builder-el-14  avia-builder-el-no-sibling  av-inherit-size '><h2 class='av-special-heading-tag '  itemprop=\"headline\"  >BIG FIL<br \/>\nCollecteur de Feuilles Hydrostatique<\/h2><div class ='av-subheading av-subheading_below  ' style='font-size:15px;'><p>Gr\u00e2ce \u00e0 des options suppl\u00e9mentaires, BIG FIL offre \u00e0 son utilisateur une conduite s\u00fbre et un balayage multifonctionnel.<\/p>\n<\/div><div class='special-heading-border'><div class='special-heading-inner-border' ><\/div><\/div><\/div><\/div><div class=\"flex_column av_one_third  av-animated-generic bottom-to-top  no_margin flex_column_div avia-link-column av-column-link first  avia-builder-el-15  el_after_av_one_third  el_before_av_one_third  intro-uclu-box column-top-margin\" style='background:url(https:\/\/ustun-el.com\/fr\/wp-content\/uploads\/2022\/05\/a34.png) bottom right no-repeat  #f9f9f9; padding:50px; background-color:#f9f9f9; border-radius:0px; ' data-link-column-url=\"#\" ><a class=\"av-screen-reader-only\" href=# >Follow a manual added link<\/a><div  style='padding-bottom:10px; font-size:20px;' class='av-special-heading av-special-heading-h2  blockquote modern-quote  avia-builder-el-16  avia-builder-el-no-sibling  av-inherit-size av-linked-heading '><h2 class='av-special-heading-tag '  itemprop=\"headline\"  ><a href=\"https:\/\/ustun-el.com\/fr\/urun\/hds2000-balayeuse-hydrostatique\/\">HYDROSTATIQUE<br \/>\nBalayeuse de Voirie<\/a><\/h2><div class ='av-subheading av-subheading_below  ' style='font-size:15px;'><p>Possible d&#8217;atteindre des zones \u00e9troites gr\u00e2ce \u00e0 sa capacit\u00e9 \u00e0 se d\u00e9placer par 4 roues.<\/p>\n<\/div><div class='special-heading-border'><div class='special-heading-inner-border' ><\/div><\/div><\/div><\/div><div class=\"flex_column av_one_third  av-animated-generic bottom-to-top  no_margin flex_column_div avia-link-column av-column-link   avia-builder-el-17  el_after_av_one_third  el_before_av_one_third  intro-uclu-box column-top-margin\" style='background:url(https:\/\/ustun-el.com\/fr\/wp-content\/uploads\/2022\/05\/a63.png) bottom right no-repeat  #f9f9f9; padding:50px; background-color:#f9f9f9; border-radius:0px; ' data-link-column-url=\"https:\/\/ustun-el.com\/fr\/urun\/kobra-balayeuse-remorquee-par-camion\/\" ><a class=\"av-screen-reader-only\" href=https:\/\/ustun-el.com\/fr\/urun\/kobra-balayeuse-remorquee-par-camion\/ >Link to: KOBRA BALAYEUSE REMORQU\u00c9E PAR CAMION<\/a><div  style='padding-bottom:10px; font-size:20px;' class='av-special-heading av-special-heading-h2  blockquote modern-quote  avia-builder-el-18  avia-builder-el-no-sibling  av-inherit-size '><h2 class='av-special-heading-tag '  itemprop=\"headline\"  >KOBRA<br \/>\nBalayeuse Remorqu\u00e9e par Camion<\/h2><div class ='av-subheading av-subheading_below  ' style='font-size:15px;'><p>Con\u00e7u en fonction des conditions d&#8217;usage intensif et \u00e9limine les probl\u00e8mes de capacit\u00e9 en enlevant rapidement du sable, de la pierre et d\u2019autres mat\u00e9riaux sur le sol.<\/p>\n<\/div><div class='special-heading-border'><div class='special-heading-inner-border' ><\/div><\/div><\/div><\/div><div class=\"flex_column av_one_third  av-animated-generic bottom-to-top  no_margin flex_column_div avia-link-column av-column-link   avia-builder-el-19  el_after_av_one_third  avia-builder-el-last  intro-uclu-box column-top-margin\" style='background:url(https:\/\/ustun-el.com\/fr\/wp-content\/uploads\/2022\/05\/a13.png) bottom right no-repeat  #f9f9f9; padding:50px; background-color:#f9f9f9; border-radius:0px; ' data-link-column-url=\"https:\/\/ustun-el.com\/fr\/urun\/balayeuse-montee-sur-camion\/\" ><a class=\"av-screen-reader-only\" href=https:\/\/ustun-el.com\/fr\/urun\/balayeuse-montee-sur-camion\/ >Link to: BALAYEUSE MONTEE SUR CAMION<\/a><div  style='padding-bottom:10px; font-size:20px;' class='av-special-heading av-special-heading-h2  blockquote modern-quote  avia-builder-el-20  avia-builder-el-no-sibling  av-inherit-size '><h2 class='av-special-heading-tag '  itemprop=\"headline\"  >BALAYEUSE MONTEE<br \/>\nSUR CAMION<\/h2><div class ='av-subheading av-subheading_below  ' style='font-size:15px;'><p>Avec diff\u00e9rentes options de capacit\u00e9 de puissance de 2 m\u00b3 \u00e0 12 m\u00b3<\/p>\n<\/div><div class='special-heading-border'><div class='special-heading-inner-border' ><\/div><\/div><\/div><\/div><\/div><\/div><\/div><!-- close content main div --><\/div><\/div><div id='after_section_2'  class='main_color av_default_container_wrap container_wrap sidebar_right' style=' '  ><div class='container' ><div class='template-page content  av-content-small alpha units'><div class='post-entry post-entry-type-page post-entry-888'><div class='entry-content-wrapper clearfix'><\/p>\n","protected":false},"excerpt":{"rendered":"","protected":false},"author":1,"featured_media":0,"parent":0,"menu_order":0,"comment_status":"closed","ping_status":"closed","template":"","meta":{"footnotes":""},"class_list":["post-888","page","type-page","status-publish","hentry"],"_links":{"self":[{"href":"https:\/\/ustun-el.com\/fr\/wp-json\/wp\/v2\/pages\/888","targetHints":{"allow":["GET"]}}],"collection":[{"href":"https:\/\/ustun-el.com\/fr\/wp-json\/wp\/v2\/pages"}],"about":[{"href":"https:\/\/ustun-el.com\/fr\/wp-json\/wp\/v2\/types\/page"}],"author":[{"embeddable":true,"href":"https:\/\/ustun-el.com\/fr\/wp-json\/wp\/v2\/users\/1"}],"replies":[{"embeddable":true,"href":"https:\/\/ustun-el.com\/fr\/wp-json\/wp\/v2\/comments?post=888"}],"version-history":[{"count":9,"href":"https:\/\/ustun-el.com\/fr\/wp-json\/wp\/v2\/pages\/888\/revisions"}],"predecessor-version":[{"id":1238,"href":"https:\/\/ustun-el.com\/fr\/wp-json\/wp\/v2\/pages\/888\/revisions\/1238"}],"wp:attachment":[{"href":"https:\/\/ustun-el.com\/fr\/wp-json\/wp\/v2\/media?parent=888"}],"curies":[{"name":"wp","href":"https:\/\/api.w.org\/{rel}","templated":true}]}}